{"id":713,"date":"2021-07-01T11:38:30","date_gmt":"2021-07-01T11:38:30","guid":{"rendered":"https:\/\/risseeuwcoaching.nl\/?page_id=713"},"modified":"2023-11-02T12:25:48","modified_gmt":"2023-11-02T12:25:48","slug":"loopbaancoaching","status":"publish","type":"page","link":"https:\/\/risseeuwcoaching.nl\/?page_id=713","title":{"rendered":"Loopbaancoaching"},"content":{"rendered":"\t\t<div data-elementor-type=\"wp-page\" data-elementor-id=\"713\" class=\"elementor elementor-713\" data-elementor-post-type=\"page\">\n\t\t\t\t\t\t<section class=\"elementor-section elementor-top-section elementor-element elementor-element-609f7ea8 elementor-section-height-min-height elementor-section-boxed elementor-section-height-default elementor-section-items-middle\" data-id=\"609f7ea8\" data-element_type=\"section\" data-e-type=\"section\" data-settings=\"{&quot;background_background&quot;:&quot;classic&quot;}\">\n\t\t\t\t\t\t\t<div class=\"elementor-background-overlay\"><\/div>\n\t\t\t\t\t\t\t<div class=\"elementor-container elementor-column-gap-default\">\n\t\t\t\t\t<div class=\"elementor-column elementor-col-100 elementor-top-column elementor-element elementor-element-1a6cadba\" data-id=\"1a6cadba\" data-element_type=\"column\" data-e-type=\"column\">\n\t\t\t<div class=\"elementor-widget-wrap elementor-element-populated\">\n\t\t\t\t\t\t<div class=\"elementor-element elementor-element-4bd28f1 elementor-widget elementor-widget-heading\" data-id=\"4bd28f1\" data-element_type=\"widget\" data-e-type=\"widget\" data-widget_type=\"heading.default\">\n\t\t\t\t<div class=\"elementor-widget-container\">\n\t\t\t\t\t<h2 class=\"elementor-heading-title elementor-size-default\">Ben je nog op jouw plek?<\/h2>\t\t\t\t<\/div>\n\t\t\t\t<\/div>\n\t\t\t\t\t<\/div>\n\t\t<\/div>\n\t\t\t\t\t<\/div>\n\t\t<\/section>\n\t\t\t\t<section class=\"elementor-section elementor-top-section elementor-element elementor-element-379c69f elementor-section-boxed elementor-section-height-default elementor-section-height-default\" data-id=\"379c69f\" data-element_type=\"section\" data-e-type=\"section\">\n\t\t\t\t\t\t<div class=\"elementor-container elementor-column-gap-default\">\n\t\t\t\t\t<div class=\"elementor-column elementor-col-100 elementor-top-column elementor-element elementor-element-726dc97\" data-id=\"726dc97\" data-element_type=\"column\" data-e-type=\"column\">\n\t\t\t<div class=\"elementor-widget-wrap elementor-element-populated\">\n\t\t\t\t\t\t<div class=\"elementor-element elementor-element-21cd381 elementor-view-default elementor-invisible elementor-widget elementor-widget-icon\" data-id=\"21cd381\" data-element_type=\"widget\" data-e-type=\"widget\" data-settings=\"{&quot;_animation&quot;:&quot;bounce&quot;}\" data-widget_type=\"icon.default\">\n\t\t\t\t<div class=\"elementor-widget-container\">\n\t\t\t\t\t\t\t<div class=\"elementor-icon-wrapper\">\n\t\t\t<div class=\"elementor-icon\">\n\t\t\t<i aria-hidden=\"true\" class=\"fas fa-chevron-down\"><\/i>\t\t\t<\/div>\n\t\t<\/div>\n\t\t\t\t\t\t<\/div>\n\t\t\t\t<\/div>\n\t\t\t\t\t<\/div>\n\t\t<\/div>\n\t\t\t\t\t<\/div>\n\t\t<\/section>\n\t\t\t\t<section class=\"elementor-section elementor-top-section elementor-element elementor-element-07d6cf0 elementor-section-height-min-height elementor-section-items-stretch elementor-section-content-middle elementor-section-boxed elementor-section-height-default\" data-id=\"07d6cf0\" data-element_type=\"section\" data-e-type=\"section\" data-settings=\"{&quot;background_background&quot;:&quot;none&quot;}\">\n\t\t\t\t\t\t<div class=\"elementor-container elementor-column-gap-no\">\n\t\t\t\t\t<div class=\"elementor-column elementor-col-50 elementor-top-column elementor-element elementor-element-c26f91d elementor-hidden-tablet elementor-hidden-mobile\" data-id=\"c26f91d\" data-element_type=\"column\" data-e-type=\"column\" data-settings=\"{&quot;background_background&quot;:&quot;classic&quot;}\">\n\t\t\t<div class=\"elementor-widget-wrap elementor-element-populated\">\n\t\t\t\t\t\t<div class=\"elementor-element elementor-element-428ee86 elementor-widget elementor-widget-image\" data-id=\"428ee86\" data-element_type=\"widget\" data-e-type=\"widget\" data-widget_type=\"image.default\">\n\t\t\t\t<div class=\"elementor-widget-container\">\n\t\t\t\t\t\t\t\t\t\t\t\t\t\t\t<img fetchpriority=\"high\" decoding=\"async\" width=\"2560\" height=\"1707\" src=\"https:\/\/risseeuwcoaching.nl\/wp-content\/uploads\/2021\/08\/IMG_3620-kopie\u0308ren-scaled.jpg\" class=\"attachment-full size-full wp-image-1004\" alt=\"LoopbaanCoachLogoRisseeuwCoachingZeeland\" srcset=\"https:\/\/risseeuwcoaching.nl\/wp-content\/uploads\/2021\/08\/IMG_3620-kopie\u0308ren-scaled.jpg 2560w, https:\/\/risseeuwcoaching.nl\/wp-content\/uploads\/2021\/08\/IMG_3620-kopie\u0308ren-300x200.jpg 300w, https:\/\/risseeuwcoaching.nl\/wp-content\/uploads\/2021\/08\/IMG_3620-kopie\u0308ren-1024x683.jpg 1024w, https:\/\/risseeuwcoaching.nl\/wp-content\/uploads\/2021\/08\/IMG_3620-kopie\u0308ren-768x512.jpg 768w, https:\/\/risseeuwcoaching.nl\/wp-content\/uploads\/2021\/08\/IMG_3620-kopie\u0308ren-1536x1024.jpg 1536w, https:\/\/risseeuwcoaching.nl\/wp-content\/uploads\/2021\/08\/IMG_3620-kopie\u0308ren-2048x1365.jpg 2048w, https:\/\/risseeuwcoaching.nl\/wp-content\/uploads\/2021\/08\/IMG_3620-kopie\u0308ren-1200x800.jpg 1200w, https:\/\/risseeuwcoaching.nl\/wp-content\/uploads\/2021\/08\/IMG_3620-kopie\u0308ren-1980x1320.jpg 1980w\" sizes=\"(max-width: 2560px) 100vw, 2560px\" \/>\t\t\t\t\t\t\t\t\t\t\t\t\t\t\t<\/div>\n\t\t\t\t<\/div>\n\t\t\t\t\t<\/div>\n\t\t<\/div>\n\t\t\t\t<div class=\"elementor-column elementor-col-50 elementor-top-column elementor-element elementor-element-46fd4d0\" data-id=\"46fd4d0\" data-element_type=\"column\" data-e-type=\"column\" data-settings=\"{&quot;background_background&quot;:&quot;none&quot;}\">\n\t\t\t<div class=\"elementor-widget-wrap elementor-element-populated\">\n\t\t\t\t\t\t<div class=\"elementor-element elementor-element-6b6e777 elementor-icon-list--layout-traditional elementor-list-item-link-full_width elementor-widget elementor-widget-icon-list\" data-id=\"6b6e777\" data-element_type=\"widget\" data-e-type=\"widget\" data-widget_type=\"icon-list.default\">\n\t\t\t\t<div class=\"elementor-widget-container\">\n\t\t\t\t\t\t\t<ul class=\"elementor-icon-list-items\">\n\t\t\t\t\t\t\t<li class=\"elementor-icon-list-item\">\n\t\t\t\t\t\t\t\t\t\t\t<span class=\"elementor-icon-list-icon\">\n\t\t\t\t\t\t\t<i aria-hidden=\"true\" class=\"fas fa-walking\"><\/i>\t\t\t\t\t\t<\/span>\n\t\t\t\t\t\t\t\t\t\t<span class=\"elementor-icon-list-text\">Loopbaancoaching<\/span>\n\t\t\t\t\t\t\t\t\t<\/li>\n\t\t\t\t\t\t<\/ul>\n\t\t\t\t\t\t<\/div>\n\t\t\t\t<\/div>\n\t\t\t\t<div class=\"elementor-element elementor-element-c14c660 elementor-widget-divider--view-line elementor-widget elementor-widget-divider\" data-id=\"c14c660\" data-element_type=\"widget\" data-e-type=\"widget\" data-widget_type=\"divider.default\">\n\t\t\t\t<div class=\"elementor-widget-container\">\n\t\t\t\t\t\t\t<div class=\"elementor-divider\">\n\t\t\t<span class=\"elementor-divider-separator\">\n\t\t\t\t\t\t<\/span>\n\t\t<\/div>\n\t\t\t\t\t\t<\/div>\n\t\t\t\t<\/div>\n\t\t\t\t<div class=\"elementor-element elementor-element-5d011ce elementor-widget elementor-widget-text-editor\" data-id=\"5d011ce\" data-element_type=\"widget\" data-e-type=\"widget\" data-widget_type=\"text-editor.default\">\n\t\t\t\t<div class=\"elementor-widget-container\">\n\t\t\t\t\t\t\t\t\t<p>Heb je vragen als: \u00a0<\/p><ul><li>Hoe houd ik werk en priv\u00e9 in balans?<\/li><li>Wat wil ik nou eigenlijk echt?<\/li><li>Hoe houd ik plezier in mijn werk?<\/li><li>Welke opdrachten passen er nog meer bij me?<\/li><li>Welke mogelijkheden heb ik voor ander werk?<\/li><li>Is dit de organisatie voor de rest van mijn leven?<\/li><li>Hoe haal ik meer voldoening uit mijn werk?<\/li><\/ul><p>Dan ben je niet de enige! Maar, door de waan van de dag gaan we maar door en door en negeren we soms signalen. Toch kan er vanbinnen regelmatig iets knagen. En kan dit zelfs je functioneren, je welbevinden of zelfs je gezondheid negatief be\u00efnvloeden. Hoogste tijd om dan aan de slag te gaan!<\/p><p>Hoe fijn zou het zijn om te weten waar jij het beste past, met welke taken of opdrachten jij het beste bezig kunt zijn en in welke omgeving. Zodat jij je werk met plezier kunt doen, aan het einde van de dag met voldoening je werkdag kunt afsluiten en \u2019s avonds energie over hebt om iets anders te doen.<\/p><p>Dan ben je pas duurzaam en slim bezig!<\/p>\t\t\t\t\t\t\t\t<\/div>\n\t\t\t\t<\/div>\n\t\t\t\t<div class=\"elementor-element elementor-element-8547133 elementor-mobile-align-center elementor-widget elementor-widget-button\" data-id=\"8547133\" data-element_type=\"widget\" data-e-type=\"widget\" data-widget_type=\"button.default\">\n\t\t\t\t<div class=\"elementor-widget-container\">\n\t\t\t\t\t\t\t\t\t<div class=\"elementor-button-wrapper\">\n\t\t\t\t\t<a class=\"elementor-button elementor-button-link elementor-size-sm elementor-animation-grow\" href=\"https:\/\/risseeuwcoaching.nl\/?page_id=172\">\n\t\t\t\t\t\t<span class=\"elementor-button-content-wrapper\">\n\t\t\t\t\t\t\t\t\t<span class=\"elementor-button-text\">Neem nu contact op<\/span>\n\t\t\t\t\t<\/span>\n\t\t\t\t\t<\/a>\n\t\t\t\t<\/div>\n\t\t\t\t\t\t\t\t<\/div>\n\t\t\t\t<\/div>\n\t\t\t\t\t<\/div>\n\t\t<\/div>\n\t\t\t\t\t<\/div>\n\t\t<\/section>\n\t\t\t\t<section class=\"elementor-section elementor-top-section elementor-element elementor-element-20e6c37 elementor-section-content-middle elementor-section-height-min-height elementor-section-boxed elementor-section-height-default elementor-section-items-middle\" data-id=\"20e6c37\" data-element_type=\"section\" data-e-type=\"section\" data-settings=\"{&quot;background_background&quot;:&quot;classic&quot;}\">\n\t\t\t\t\t\t\t<div class=\"elementor-background-overlay\"><\/div>\n\t\t\t\t\t\t\t<div class=\"elementor-container elementor-column-gap-no\">\n\t\t\t\t\t<div class=\"elementor-column elementor-col-100 elementor-top-column elementor-element elementor-element-78d5d5b9\" data-id=\"78d5d5b9\" data-element_type=\"column\" data-e-type=\"column\">\n\t\t\t<div class=\"elementor-widget-wrap elementor-element-populated\">\n\t\t\t\t\t\t<div class=\"elementor-element elementor-element-766e97ed elementor-widget elementor-widget-heading\" data-id=\"766e97ed\" data-element_type=\"widget\" data-e-type=\"widget\" data-widget_type=\"heading.default\">\n\t\t\t\t<div class=\"elementor-widget-container\">\n\t\t\t\t\t<h3 class=\"elementor-heading-title elementor-size-default\">Kort maar krachtig: loopbaantraject \u2018Verder in je Werk\u2019 <\/h3>\t\t\t\t<\/div>\n\t\t\t\t<\/div>\n\t\t\t\t<section class=\"elementor-section elementor-inner-section elementor-element elementor-element-60bd35d8 elementor-section-boxed elementor-section-height-default elementor-section-height-default\" data-id=\"60bd35d8\" data-element_type=\"section\" data-e-type=\"section\">\n\t\t\t\t\t\t<div class=\"elementor-container elementor-column-gap-default\">\n\t\t\t\t\t<div class=\"elementor-column elementor-col-50 elementor-inner-column elementor-element elementor-element-592725c2\" data-id=\"592725c2\" data-element_type=\"column\" data-e-type=\"column\">\n\t\t\t<div class=\"elementor-widget-wrap elementor-element-populated\">\n\t\t\t\t\t\t<div class=\"elementor-element elementor-element-18cd8c64 elementor-widget elementor-widget-text-editor\" data-id=\"18cd8c64\" data-element_type=\"widget\" data-e-type=\"widget\" data-widget_type=\"text-editor.default\">\n\t\t\t\t<div class=\"elementor-widget-container\">\n\t\t\t\t\t\t\t\t\t<p>Met behulp van de state of the art online training &#8216;Droombaan gezocht&#8217; en drie inspirerende individuele gesprekken ga je aan de slag met jouw loopbaan. De online training is gevuld met waardevolle opdrachten, veel inzichten, interactieve opdrachten, audio en video. Geen ellenlange lappen tekst, maar lekker aan de slag. Je wordt je (nog) meer bewust van kwaliteiten, talenten \u00e9n je wensen. Je verzamelt allerlei inzichten en ingredi\u00ebnten om je werkplezier, prestaties en talenten te vergroten. Op een manier die effici\u00ebnt, doeltreffend \u00e9n inspirerend is.<\/p>\t\t\t\t\t\t\t\t<\/div>\n\t\t\t\t<\/div>\n\t\t\t\t\t<\/div>\n\t\t<\/div>\n\t\t\t\t<div class=\"elementor-column elementor-col-50 elementor-inner-column elementor-element elementor-element-244294ca\" data-id=\"244294ca\" data-element_type=\"column\" data-e-type=\"column\">\n\t\t\t<div class=\"elementor-widget-wrap elementor-element-populated\">\n\t\t\t\t\t\t<div class=\"elementor-element elementor-element-74cb66ac elementor-widget elementor-widget-text-editor\" data-id=\"74cb66ac\" data-element_type=\"widget\" data-e-type=\"widget\" data-widget_type=\"text-editor.default\">\n\t\t\t\t<div class=\"elementor-widget-container\">\n\t\t\t\t\t\t\t\t\t<p>Je bepaalt helemaal zelf wanneer je de opdrachten doet. En tussentijds heb je drie inspirerende coachgesprekken. In de coachgesprekken gaan we nog verder de diepte in.<\/p>\n<p>Stap voor stap leg je de ontbrekende puzzelstukjes en weet jij straks in welke richting jij actie je kunt ondernemen. En kun je weer verder, met zelfvertrouwen en enthousiasme! Meer informatie nodig? Stuur een e-mail of neem telefonisch <span style=\"color: #ffffff;\"><strong><a style=\"color: #ffffff;\" href=\"\/contact\">contact<\/a><\/strong><\/span> op.<\/p>\t\t\t\t\t\t\t\t<\/div>\n\t\t\t\t<\/div>\n\t\t\t\t\t<\/div>\n\t\t<\/div>\n\t\t\t\t\t<\/div>\n\t\t<\/section>\n\t\t\t\t\t<\/div>\n\t\t<\/div>\n\t\t\t\t\t<\/div>\n\t\t<\/section>\n\t\t\t\t<section class=\"elementor-section elementor-top-section elementor-element elementor-element-6aa197a elementor-section-content-middle elementor-section-height-min-height elementor-section-boxed elementor-section-height-default elementor-section-items-middle\" data-id=\"6aa197a\" data-element_type=\"section\" data-e-type=\"section\" data-settings=\"{&quot;background_background&quot;:&quot;classic&quot;}\">\n\t\t\t\t\t\t\t<div class=\"elementor-background-overlay\"><\/div>\n\t\t\t\t\t\t\t<div class=\"elementor-container elementor-column-gap-no\">\n\t\t\t\t\t<div class=\"elementor-column elementor-col-100 elementor-top-column elementor-element elementor-element-c429fe3\" data-id=\"c429fe3\" data-element_type=\"column\" data-e-type=\"column\">\n\t\t\t<div class=\"elementor-widget-wrap elementor-element-populated\">\n\t\t\t\t\t\t<div class=\"elementor-element elementor-element-b1542c3 elementor-widget elementor-widget-heading\" data-id=\"b1542c3\" data-element_type=\"widget\" data-e-type=\"widget\" data-widget_type=\"heading.default\">\n\t\t\t\t<div class=\"elementor-widget-container\">\n\t\t\t\t\t<h3 class=\"elementor-heading-title elementor-size-default\">\nWil je het helemaal alleen doen?\n<\/h3>\t\t\t\t<\/div>\n\t\t\t\t<\/div>\n\t\t\t\t<section class=\"elementor-section elementor-inner-section elementor-element elementor-element-ac06afb elementor-section-boxed elementor-section-height-default elementor-section-height-default\" data-id=\"ac06afb\" data-element_type=\"section\" data-e-type=\"section\">\n\t\t\t\t\t\t<div class=\"elementor-container elementor-column-gap-default\">\n\t\t\t\t\t<div class=\"elementor-column elementor-col-50 elementor-inner-column elementor-element elementor-element-7fac4ec\" data-id=\"7fac4ec\" data-element_type=\"column\" data-e-type=\"column\">\n\t\t\t<div class=\"elementor-widget-wrap elementor-element-populated\">\n\t\t\t\t\t\t<div class=\"elementor-element elementor-element-a67c2ae elementor-widget elementor-widget-text-editor\" data-id=\"a67c2ae\" data-element_type=\"widget\" data-e-type=\"widget\" data-widget_type=\"text-editor.default\">\n\t\t\t\t<div class=\"elementor-widget-container\">\n\t\t\t\t\t\t\t\t\t<p>Dat kan ook natuurlijk! Dan neem je alleen de online training af, ontvang je een linkje en ga je zelf aan de slag!<strong><span style=\"color: #ffffff;\"> <a style=\"color: #ffffff;\" href=\"https:\/\/verderinjewerk.learnworlds.com\/home\/?site_template_id=6006e2eecb8f2e6dfc50545a\" target=\"_blank\" rel=\"noopener\"><span style=\"color: #808080;\">Klik hier<\/span><\/a><\/span><\/strong> om naar de online training te gaan.\u00a0<\/p><p>En mocht je later besluiten om alsnog coachgesprekken toe te voegen, dat kan natuurlijk altijd.<\/p>\t\t\t\t\t\t\t\t<\/div>\n\t\t\t\t<\/div>\n\t\t\t\t\t<\/div>\n\t\t<\/div>\n\t\t\t\t<div class=\"elementor-column elementor-col-50 elementor-inner-column elementor-element elementor-element-378657d\" data-id=\"378657d\" data-element_type=\"column\" data-e-type=\"column\">\n\t\t\t<div class=\"elementor-widget-wrap elementor-element-populated\">\n\t\t\t\t\t\t<div class=\"elementor-element elementor-element-1db90ed elementor-widget elementor-widget-image\" data-id=\"1db90ed\" data-element_type=\"widget\" data-e-type=\"widget\" data-widget_type=\"image.default\">\n\t\t\t\t<div class=\"elementor-widget-container\">\n\t\t\t\t\t\t\t\t\t\t\t\t\t\t\t<img decoding=\"async\" width=\"580\" height=\"387\" src=\"https:\/\/risseeuwcoaching.nl\/wp-content\/uploads\/2021\/08\/IMG_3566-kopie\u0308ren-1024x683.jpg\" class=\"attachment-large size-large wp-image-996\" alt=\"intervisie-Re-integratie-re-intergratie-re-intergratie-2e-spoor-reintergratie-loopbaancoaching-verder-in-je-werk-coaching-andere-weg-carriere-baan-nieuwe-kans-Risseeuw-Coaching\" srcset=\"https:\/\/risseeuwcoaching.nl\/wp-content\/uploads\/2021\/08\/IMG_3566-kopie\u0308ren-1024x683.jpg 1024w, https:\/\/risseeuwcoaching.nl\/wp-content\/uploads\/2021\/08\/IMG_3566-kopie\u0308ren-300x200.jpg 300w, https:\/\/risseeuwcoaching.nl\/wp-content\/uploads\/2021\/08\/IMG_3566-kopie\u0308ren-768x512.jpg 768w, https:\/\/risseeuwcoaching.nl\/wp-content\/uploads\/2021\/08\/IMG_3566-kopie\u0308ren-1536x1024.jpg 1536w, https:\/\/risseeuwcoaching.nl\/wp-content\/uploads\/2021\/08\/IMG_3566-kopie\u0308ren-2048x1365.jpg 2048w, https:\/\/risseeuwcoaching.nl\/wp-content\/uploads\/2021\/08\/IMG_3566-kopie\u0308ren-1200x800.jpg 1200w, https:\/\/risseeuwcoaching.nl\/wp-content\/uploads\/2021\/08\/IMG_3566-kopie\u0308ren-1980x1320.jpg 1980w\" sizes=\"(max-width: 580px) 100vw, 580px\" \/>\t\t\t\t\t\t\t\t\t\t\t\t\t\t\t<\/div>\n\t\t\t\t<\/div>\n\t\t\t\t\t<\/div>\n\t\t<\/div>\n\t\t\t\t\t<\/div>\n\t\t<\/section>\n\t\t\t\t\t<\/div>\n\t\t<\/div>\n\t\t\t\t\t<\/div>\n\t\t<\/section>\n\t\t\t\t<\/div>\n\t\t","protected":false},"excerpt":{"rendered":"<p>Ben je nog op jouw plek? Loopbaancoaching Heb je vragen als: \u00a0 Hoe houd ik werk en priv\u00e9 in balans? Wat wil ik nou eigenlijk echt? Hoe houd ik plezier in mijn werk? Welke opdrachten passen er nog meer bij me? Welke mogelijkheden heb ik voor ander werk? Is dit de organisatie voor de rest [&hellip;]<\/p>\n","protected":false},"author":1,"featured_media":0,"parent":0,"menu_order":0,"comment_status":"closed","ping_status":"closed","template":"elementor_header_footer","meta":{"footnotes":""},"class_list":["post-713","page","type-page","status-publish","hentry"],"yoast_head":"<!-- This site is optimized with the Yoast SEO plugin v27.6 - https:\/\/yoast.com\/product\/yoast-seo-wordpress\/ -->\n<title>loopbaancoaching niet meer gelukkig op het werk? | Risseeuw Coaching<\/title>\n<meta name=\"description\" content=\"Risseeuw coaching biedt loopbaancoaching aan mensen die niet gelukkig zijn in of op het werk. Samen op zoek naar weer het plezier hebben.\" \/>\n<meta name=\"robots\" content=\"index, follow, max-snippet:-1, max-image-preview:large, max-video-preview:-1\" \/>\n<link rel=\"canonical\" href=\"https:\/\/risseeuwcoaching.nl\/?page_id=713\" \/>\n<meta property=\"og:locale\" content=\"nl_NL\" \/>\n<meta property=\"og:type\" content=\"article\" \/>\n<meta property=\"og:title\" content=\"loopbaancoaching niet meer gelukkig op het werk? | Risseeuw Coaching\" \/>\n<meta property=\"og:description\" content=\"Risseeuw coaching biedt loopbaancoaching aan mensen die niet gelukkig zijn in of op het werk. Samen op zoek naar weer het plezier hebben.\" \/>\n<meta property=\"og:url\" content=\"https:\/\/risseeuwcoaching.nl\/?page_id=713\" \/>\n<meta property=\"og:site_name\" content=\"Risseeuw Coaching Zeeland\" \/>\n<meta property=\"article:modified_time\" content=\"2023-11-02T12:25:48+00:00\" \/>\n<meta name=\"twitter:card\" content=\"summary_large_image\" \/>\n<meta name=\"twitter:label1\" content=\"Geschatte leestijd\" \/>\n\t<meta name=\"twitter:data1\" content=\"3 minuten\" \/>\n<script type=\"application\/ld+json\" class=\"yoast-schema-graph\">{\"@context\":\"https:\\\/\\\/schema.org\",\"@graph\":[{\"@type\":\"WebPage\",\"@id\":\"https:\\\/\\\/risseeuwcoaching.nl\\\/?page_id=713\",\"url\":\"https:\\\/\\\/risseeuwcoaching.nl\\\/?page_id=713\",\"name\":\"loopbaancoaching niet meer gelukkig op het werk? | Risseeuw Coaching\",\"isPartOf\":{\"@id\":\"https:\\\/\\\/risseeuwcoaching.nl\\\/#website\"},\"datePublished\":\"2021-07-01T11:38:30+00:00\",\"dateModified\":\"2023-11-02T12:25:48+00:00\",\"description\":\"Risseeuw coaching biedt loopbaancoaching aan mensen die niet gelukkig zijn in of op het werk. Samen op zoek naar weer het plezier hebben.\",\"breadcrumb\":{\"@id\":\"https:\\\/\\\/risseeuwcoaching.nl\\\/?page_id=713#breadcrumb\"},\"inLanguage\":\"nl-NL\",\"potentialAction\":[{\"@type\":\"ReadAction\",\"target\":[\"https:\\\/\\\/risseeuwcoaching.nl\\\/?page_id=713\"]}]},{\"@type\":\"BreadcrumbList\",\"@id\":\"https:\\\/\\\/risseeuwcoaching.nl\\\/?page_id=713#breadcrumb\",\"itemListElement\":[{\"@type\":\"ListItem\",\"position\":1,\"name\":\"Home\",\"item\":\"https:\\\/\\\/risseeuwcoaching.nl\\\/\"},{\"@type\":\"ListItem\",\"position\":2,\"name\":\"Loopbaancoaching\"}]},{\"@type\":\"WebSite\",\"@id\":\"https:\\\/\\\/risseeuwcoaching.nl\\\/#website\",\"url\":\"https:\\\/\\\/risseeuwcoaching.nl\\\/\",\"name\":\"Risseeuw Coaching Zeeland\",\"description\":\"Vindt meer werkplezier, rust en voldoening door onze persoonlijke en nuchtere coaching.\",\"publisher\":{\"@id\":\"https:\\\/\\\/risseeuwcoaching.nl\\\/#organization\"},\"potentialAction\":[{\"@type\":\"SearchAction\",\"target\":{\"@type\":\"EntryPoint\",\"urlTemplate\":\"https:\\\/\\\/risseeuwcoaching.nl\\\/?s={search_term_string}\"},\"query-input\":{\"@type\":\"PropertyValueSpecification\",\"valueRequired\":true,\"valueName\":\"search_term_string\"}}],\"inLanguage\":\"nl-NL\"},{\"@type\":\"Organization\",\"@id\":\"https:\\\/\\\/risseeuwcoaching.nl\\\/#organization\",\"name\":\"Risseeuw Coaching Zeeland\",\"url\":\"https:\\\/\\\/risseeuwcoaching.nl\\\/\",\"logo\":{\"@type\":\"ImageObject\",\"inLanguage\":\"nl-NL\",\"@id\":\"https:\\\/\\\/risseeuwcoaching.nl\\\/#\\\/schema\\\/logo\\\/image\\\/\",\"url\":\"https:\\\/\\\/risseeuwcoaching.nl\\\/wp-content\\\/uploads\\\/2021\\\/01\\\/RisseeuwCoaching.png\",\"contentUrl\":\"https:\\\/\\\/risseeuwcoaching.nl\\\/wp-content\\\/uploads\\\/2021\\\/01\\\/RisseeuwCoaching.png\",\"width\":7688,\"height\":2586,\"caption\":\"Risseeuw Coaching Zeeland\"},\"image\":{\"@id\":\"https:\\\/\\\/risseeuwcoaching.nl\\\/#\\\/schema\\\/logo\\\/image\\\/\"}}]}<\/script>\n<!-- \/ Yoast SEO plugin. -->","yoast_head_json":{"title":"loopbaancoaching niet meer gelukkig op het werk? | Risseeuw Coaching","description":"Risseeuw coaching biedt loopbaancoaching aan mensen die niet gelukkig zijn in of op het werk. Samen op zoek naar weer het plezier hebben.","robots":{"index":"index","follow":"follow","max-snippet":"max-snippet:-1","max-image-preview":"max-image-preview:large","max-video-preview":"max-video-preview:-1"},"canonical":"https:\/\/risseeuwcoaching.nl\/?page_id=713","og_locale":"nl_NL","og_type":"article","og_title":"loopbaancoaching niet meer gelukkig op het werk? | Risseeuw Coaching","og_description":"Risseeuw coaching biedt loopbaancoaching aan mensen die niet gelukkig zijn in of op het werk. Samen op zoek naar weer het plezier hebben.","og_url":"https:\/\/risseeuwcoaching.nl\/?page_id=713","og_site_name":"Risseeuw Coaching Zeeland","article_modified_time":"2023-11-02T12:25:48+00:00","twitter_card":"summary_large_image","twitter_misc":{"Geschatte leestijd":"3 minuten"},"schema":{"@context":"https:\/\/schema.org","@graph":[{"@type":"WebPage","@id":"https:\/\/risseeuwcoaching.nl\/?page_id=713","url":"https:\/\/risseeuwcoaching.nl\/?page_id=713","name":"loopbaancoaching niet meer gelukkig op het werk? | Risseeuw Coaching","isPartOf":{"@id":"https:\/\/risseeuwcoaching.nl\/#website"},"datePublished":"2021-07-01T11:38:30+00:00","dateModified":"2023-11-02T12:25:48+00:00","description":"Risseeuw coaching biedt loopbaancoaching aan mensen die niet gelukkig zijn in of op het werk. Samen op zoek naar weer het plezier hebben.","breadcrumb":{"@id":"https:\/\/risseeuwcoaching.nl\/?page_id=713#breadcrumb"},"inLanguage":"nl-NL","potentialAction":[{"@type":"ReadAction","target":["https:\/\/risseeuwcoaching.nl\/?page_id=713"]}]},{"@type":"BreadcrumbList","@id":"https:\/\/risseeuwcoaching.nl\/?page_id=713#breadcrumb","itemListElement":[{"@type":"ListItem","position":1,"name":"Home","item":"https:\/\/risseeuwcoaching.nl\/"},{"@type":"ListItem","position":2,"name":"Loopbaancoaching"}]},{"@type":"WebSite","@id":"https:\/\/risseeuwcoaching.nl\/#website","url":"https:\/\/risseeuwcoaching.nl\/","name":"Risseeuw Coaching Zeeland","description":"Vindt meer werkplezier, rust en voldoening door onze persoonlijke en nuchtere coaching.","publisher":{"@id":"https:\/\/risseeuwcoaching.nl\/#organization"},"potentialAction":[{"@type":"SearchAction","target":{"@type":"EntryPoint","urlTemplate":"https:\/\/risseeuwcoaching.nl\/?s={search_term_string}"},"query-input":{"@type":"PropertyValueSpecification","valueRequired":true,"valueName":"search_term_string"}}],"inLanguage":"nl-NL"},{"@type":"Organization","@id":"https:\/\/risseeuwcoaching.nl\/#organization","name":"Risseeuw Coaching Zeeland","url":"https:\/\/risseeuwcoaching.nl\/","logo":{"@type":"ImageObject","inLanguage":"nl-NL","@id":"https:\/\/risseeuwcoaching.nl\/#\/schema\/logo\/image\/","url":"https:\/\/risseeuwcoaching.nl\/wp-content\/uploads\/2021\/01\/RisseeuwCoaching.png","contentUrl":"https:\/\/risseeuwcoaching.nl\/wp-content\/uploads\/2021\/01\/RisseeuwCoaching.png","width":7688,"height":2586,"caption":"Risseeuw Coaching Zeeland"},"image":{"@id":"https:\/\/risseeuwcoaching.nl\/#\/schema\/logo\/image\/"}}]}},"_links":{"self":[{"href":"https:\/\/risseeuwcoaching.nl\/index.php?rest_route=\/wp\/v2\/pages\/713","targetHints":{"allow":["GET"]}}],"collection":[{"href":"https:\/\/risseeuwcoaching.nl\/index.php?rest_route=\/wp\/v2\/pages"}],"about":[{"href":"https:\/\/risseeuwcoaching.nl\/index.php?rest_route=\/wp\/v2\/types\/page"}],"author":[{"embeddable":true,"href":"https:\/\/risseeuwcoaching.nl\/index.php?rest_route=\/wp\/v2\/users\/1"}],"replies":[{"embeddable":true,"href":"https:\/\/risseeuwcoaching.nl\/index.php?rest_route=%2Fwp%2Fv2%2Fcomments&post=713"}],"version-history":[{"count":5,"href":"https:\/\/risseeuwcoaching.nl\/index.php?rest_route=\/wp\/v2\/pages\/713\/revisions"}],"predecessor-version":[{"id":2164,"href":"https:\/\/risseeuwcoaching.nl\/index.php?rest_route=\/wp\/v2\/pages\/713\/revisions\/2164"}],"wp:attachment":[{"href":"https:\/\/risseeuwcoaching.nl\/index.php?rest_route=%2Fwp%2Fv2%2Fmedia&parent=713"}],"curies":[{"name":"wp","href":"https:\/\/api.w.org\/{rel}","templated":true}]}}